{"id":682,"date":"2024-04-12T13:35:29","date_gmt":"2024-04-12T13:35:29","guid":{"rendered":"https:\/\/disc-steel.com\/?page_id=682"},"modified":"2024-08-28T08:47:21","modified_gmt":"2024-08-28T08:47:21","slug":"impressum","status":"publish","type":"page","link":"https:\/\/disc-steel.com\/de\/impressum\/","title":{"rendered":"Impressum"},"content":{"rendered":"<div class=\"offices\">\n<div class=\"office\"><strong>Disc Management und Beteiligungs GmbH<\/strong><br \/>\nAnzingerstrasse 19<br \/>\n85586 Poing (M\u00fcnchen)<br \/>\nDeutschland<\/div>\n<div class=\"office\"><\/div>\n<\/div>\n<div><strong>Tel:<\/strong> +49 8121 25 08 723<\/div>\n<div><\/div>\n<p class=\"x_MsoNormal\"><span lang=\"DE\"><strong>Gesch\u00e4ftsf\u00fchrer:<\/strong> Udo M\u00fchldorfer<\/span><\/p>\n<p class=\"x_MsoNormal\"><span lang=\"DE\"><strong>Eingetragener Sitz:<\/strong> Poing<\/span><\/p>\n<p class=\"x_MsoNormal\"><span lang=\"DE\">Amtsgericht M\u00fcnchen HRB 186213<\/span><\/p>\n<p class=\"x_MsoNormal\"><span lang=\"DE\">MwSt. DE 272081317<\/span><\/p>\n<p>&nbsp;<\/p>\n<p>Aus den Inhalten und Formeln dieser Website k\u00f6nnen keine Rechtsanspr\u00fcche abgeleitet werden<\/p>\n<p>&nbsp;<\/p>\n<p class=\"x_MsoNormal\"><span lang=\"DE\"><strong>Grafik und Programmierung:<br \/>\n<\/strong><a href=\"https:\/\/webheads.nl\/\">Webheads B.V.<\/a><\/span><\/p>\n","protected":false},"excerpt":{"rendered":"<p>Disc Management und Beteiligungs GmbH Anzingerstrasse 19 85586 Poing (M\u00fcnchen) Deutschland Tel: +49 8121 25 08 723 Gesch\u00e4ftsf\u00fchrer: Udo M\u00fchldorfer Eingetragener Sitz: Poing Amtsgericht M\u00fcnchen HRB 186213 MwSt. DE 272081317 &nbsp; Aus den Inhalten und Formeln dieser Website k\u00f6nnen keine Rechtsanspr\u00fcche abgeleitet werden &nbsp; Grafik und Programmierung: Webheads B.V.<\/p>\n","protected":false},"author":1,"featured_media":0,"parent":0,"menu_order":0,"comment_status":"closed","ping_status":"closed","template":"templates\/impressum.php","meta":{"_acf_changed":false,"footnotes":""},"class_list":["post-682","page","type-page","status-publish","hentry"],"acf":[],"yoast_head":"<!-- This site is optimized with the Yoast SEO plugin v27.4 - https:\/\/yoast.com\/product\/yoast-seo-wordpress\/ -->\n<title>Impressum - Disc-Steel<\/title>\n<meta name=\"robots\" content=\"index, follow, max-snippet:-1, max-image-preview:large, max-video-preview:-1\" \/>\n<link rel=\"canonical\" href=\"https:\/\/disc-steel.com\/de\/impressum\/\" \/>\n<meta property=\"og:locale\" content=\"de_DE\" \/>\n<meta property=\"og:type\" content=\"article\" \/>\n<meta property=\"og:title\" content=\"Impressum - Disc-Steel\" \/>\n<meta property=\"og:description\" content=\"Disc Management und Beteiligungs GmbH Anzingerstrasse 19 85586 Poing (M\u00fcnchen) Deutschland Tel: +49 8121 25 08 723 Gesch\u00e4ftsf\u00fchrer: Udo M\u00fchldorfer Eingetragener Sitz: Poing Amtsgericht M\u00fcnchen HRB 186213 MwSt. DE 272081317 &nbsp; Aus den Inhalten und Formeln dieser Website k\u00f6nnen keine Rechtsanspr\u00fcche abgeleitet werden &nbsp; Grafik und Programmierung: Webheads B.V.\" \/>\n<meta property=\"og:url\" content=\"https:\/\/disc-steel.com\/de\/impressum\/\" \/>\n<meta property=\"og:site_name\" content=\"Disc-Steel\" \/>\n<meta property=\"article:modified_time\" content=\"2024-08-28T08:47:21+00:00\" \/>\n<meta name=\"twitter:card\" content=\"summary_large_image\" \/>\n<meta name=\"twitter:label1\" content=\"Gesch\u00e4tzte Lesezeit\" \/>\n\t<meta name=\"twitter:data1\" content=\"1\u00a0Minute\" \/>\n<script type=\"application\/ld+json\" class=\"yoast-schema-graph\">{\"@context\":\"https:\\\/\\\/schema.org\",\"@graph\":[{\"@type\":\"WebPage\",\"@id\":\"https:\\\/\\\/disc-steel.com\\\/de\\\/impressum\\\/\",\"url\":\"https:\\\/\\\/disc-steel.com\\\/de\\\/impressum\\\/\",\"name\":\"Impressum - Disc-Steel\",\"isPartOf\":{\"@id\":\"https:\\\/\\\/disc-steel.com\\\/de\\\/#website\"},\"datePublished\":\"2024-04-12T13:35:29+00:00\",\"dateModified\":\"2024-08-28T08:47:21+00:00\",\"breadcrumb\":{\"@id\":\"https:\\\/\\\/disc-steel.com\\\/de\\\/impressum\\\/#breadcrumb\"},\"inLanguage\":\"de\",\"potentialAction\":[{\"@type\":\"ReadAction\",\"target\":[\"https:\\\/\\\/disc-steel.com\\\/de\\\/impressum\\\/\"]}]},{\"@type\":\"BreadcrumbList\",\"@id\":\"https:\\\/\\\/disc-steel.com\\\/de\\\/impressum\\\/#breadcrumb\",\"itemListElement\":[{\"@type\":\"ListItem\",\"position\":1,\"name\":\"Home\",\"item\":\"https:\\\/\\\/disc-steel.com\\\/de\\\/\"},{\"@type\":\"ListItem\",\"position\":2,\"name\":\"Impressum\"}]},{\"@type\":\"WebSite\",\"@id\":\"https:\\\/\\\/disc-steel.com\\\/de\\\/#website\",\"url\":\"https:\\\/\\\/disc-steel.com\\\/de\\\/\",\"name\":\"Disc-Steel\",\"description\":\"\",\"publisher\":{\"@id\":\"https:\\\/\\\/disc-steel.com\\\/de\\\/#organization\"},\"potentialAction\":[{\"@type\":\"SearchAction\",\"target\":{\"@type\":\"EntryPoint\",\"urlTemplate\":\"https:\\\/\\\/disc-steel.com\\\/de\\\/?s={search_term_string}\"},\"query-input\":{\"@type\":\"PropertyValueSpecification\",\"valueRequired\":true,\"valueName\":\"search_term_string\"}}],\"inLanguage\":\"de\"},{\"@type\":\"Organization\",\"@id\":\"https:\\\/\\\/disc-steel.com\\\/de\\\/#organization\",\"name\":\"Disc-Steel\",\"url\":\"https:\\\/\\\/disc-steel.com\\\/de\\\/\",\"logo\":{\"@type\":\"ImageObject\",\"inLanguage\":\"de\",\"@id\":\"https:\\\/\\\/disc-steel.com\\\/de\\\/#\\\/schema\\\/logo\\\/image\\\/\",\"url\":\"https:\\\/\\\/disc-steel.com\\\/wp-content\\\/uploads\\\/2024\\\/02\\\/cropped-disc_steel_logo-1.png\",\"contentUrl\":\"https:\\\/\\\/disc-steel.com\\\/wp-content\\\/uploads\\\/2024\\\/02\\\/cropped-disc_steel_logo-1.png\",\"width\":1116,\"height\":223,\"caption\":\"Disc-Steel\"},\"image\":{\"@id\":\"https:\\\/\\\/disc-steel.com\\\/de\\\/#\\\/schema\\\/logo\\\/image\\\/\"}}]}<\/script>\n<!-- \/ Yoast SEO plugin. -->","yoast_head_json":{"title":"Impressum - Disc-Steel","robots":{"index":"index","follow":"follow","max-snippet":"max-snippet:-1","max-image-preview":"max-image-preview:large","max-video-preview":"max-video-preview:-1"},"canonical":"https:\/\/disc-steel.com\/de\/impressum\/","og_locale":"de_DE","og_type":"article","og_title":"Impressum - Disc-Steel","og_description":"Disc Management und Beteiligungs GmbH Anzingerstrasse 19 85586 Poing (M\u00fcnchen) Deutschland Tel: +49 8121 25 08 723 Gesch\u00e4ftsf\u00fchrer: Udo M\u00fchldorfer Eingetragener Sitz: Poing Amtsgericht M\u00fcnchen HRB 186213 MwSt. DE 272081317 &nbsp; Aus den Inhalten und Formeln dieser Website k\u00f6nnen keine Rechtsanspr\u00fcche abgeleitet werden &nbsp; Grafik und Programmierung: Webheads B.V.","og_url":"https:\/\/disc-steel.com\/de\/impressum\/","og_site_name":"Disc-Steel","article_modified_time":"2024-08-28T08:47:21+00:00","twitter_card":"summary_large_image","twitter_misc":{"Gesch\u00e4tzte Lesezeit":"1\u00a0Minute"},"schema":{"@context":"https:\/\/schema.org","@graph":[{"@type":"WebPage","@id":"https:\/\/disc-steel.com\/de\/impressum\/","url":"https:\/\/disc-steel.com\/de\/impressum\/","name":"Impressum - Disc-Steel","isPartOf":{"@id":"https:\/\/disc-steel.com\/de\/#website"},"datePublished":"2024-04-12T13:35:29+00:00","dateModified":"2024-08-28T08:47:21+00:00","breadcrumb":{"@id":"https:\/\/disc-steel.com\/de\/impressum\/#breadcrumb"},"inLanguage":"de","potentialAction":[{"@type":"ReadAction","target":["https:\/\/disc-steel.com\/de\/impressum\/"]}]},{"@type":"BreadcrumbList","@id":"https:\/\/disc-steel.com\/de\/impressum\/#breadcrumb","itemListElement":[{"@type":"ListItem","position":1,"name":"Home","item":"https:\/\/disc-steel.com\/de\/"},{"@type":"ListItem","position":2,"name":"Impressum"}]},{"@type":"WebSite","@id":"https:\/\/disc-steel.com\/de\/#website","url":"https:\/\/disc-steel.com\/de\/","name":"Disc-Steel","description":"","publisher":{"@id":"https:\/\/disc-steel.com\/de\/#organization"},"potentialAction":[{"@type":"SearchAction","target":{"@type":"EntryPoint","urlTemplate":"https:\/\/disc-steel.com\/de\/?s={search_term_string}"},"query-input":{"@type":"PropertyValueSpecification","valueRequired":true,"valueName":"search_term_string"}}],"inLanguage":"de"},{"@type":"Organization","@id":"https:\/\/disc-steel.com\/de\/#organization","name":"Disc-Steel","url":"https:\/\/disc-steel.com\/de\/","logo":{"@type":"ImageObject","inLanguage":"de","@id":"https:\/\/disc-steel.com\/de\/#\/schema\/logo\/image\/","url":"https:\/\/disc-steel.com\/wp-content\/uploads\/2024\/02\/cropped-disc_steel_logo-1.png","contentUrl":"https:\/\/disc-steel.com\/wp-content\/uploads\/2024\/02\/cropped-disc_steel_logo-1.png","width":1116,"height":223,"caption":"Disc-Steel"},"image":{"@id":"https:\/\/disc-steel.com\/de\/#\/schema\/logo\/image\/"}}]}},"_links":{"self":[{"href":"https:\/\/disc-steel.com\/de\/wp-json\/wp\/v2\/pages\/682","targetHints":{"allow":["GET"]}}],"collection":[{"href":"https:\/\/disc-steel.com\/de\/wp-json\/wp\/v2\/pages"}],"about":[{"href":"https:\/\/disc-steel.com\/de\/wp-json\/wp\/v2\/types\/page"}],"author":[{"embeddable":true,"href":"https:\/\/disc-steel.com\/de\/wp-json\/wp\/v2\/users\/1"}],"replies":[{"embeddable":true,"href":"https:\/\/disc-steel.com\/de\/wp-json\/wp\/v2\/comments?post=682"}],"version-history":[{"count":4,"href":"https:\/\/disc-steel.com\/de\/wp-json\/wp\/v2\/pages\/682\/revisions"}],"predecessor-version":[{"id":740,"href":"https:\/\/disc-steel.com\/de\/wp-json\/wp\/v2\/pages\/682\/revisions\/740"}],"wp:attachment":[{"href":"https:\/\/disc-steel.com\/de\/wp-json\/wp\/v2\/media?parent=682"}],"curies":[{"name":"wp","href":"https:\/\/api.w.org\/{rel}","templated":true}]}}